{"id":1082,"date":"2017-12-05T10:06:43","date_gmt":"2017-12-05T09:06:43","guid":{"rendered":"http:\/\/www.icelweb.it\/?page_id=1082"},"modified":"2018-06-17T12:36:33","modified_gmt":"2018-06-17T10:36:33","slug":"1-come-attivare-un-nuovo-contratto","status":"publish","type":"page","link":"https:\/\/www.icelweb.it\/?page_id=1082","title":{"rendered":"Come attivare un nuovo contratto"},"content":{"rendered":"<div class=\"nolwrap\"><h4>Stipula Contratto per Nuova Utenza Altri Usi<\/h4>\n<p>Si stipula un nuovo contratto quando presso il locale o luogo non \u00e8 installato alcun contatore.<\/p>\n<p>Le condizioni tecniche per la connessione dei clienti finali sono definite dalla Norma CEI 0-21 nel caso di connessioni alle reti di distribuzione con livello di tensione non superiore a 1 kV.<\/p>\n<p>Il modulo per la richiesta e i moduli per le autocertificazioni sono prelevabili dalla nostra sezione dedicata alla modulistica.<\/p>\n<p>Tutti i moduli di autocertificazione e di domiciliazione bancaria verranno inviati con il contratto da sottoscrivere e dovranno essere restituiti entro 30 giorni dalla data della nostra missiva, se non inviati precedentemente in uno alla richiesta di allacciamento.<\/p>\n<p>Nel caso si tratti di lavoro semplice, l&#8217;operazione di allacciamento sar\u00e0 effettuata in breve tempo dopo l&#8217;avvenuto pagamento del contributo contestualmente alla restituzione di tutta la documentazione debitamente compilata e firmata; nel caso si tratti di lavoro complesso i tempi per l&#8217;esecuzione dell&#8217;operazione di allacciamento possono non essere brevi.<\/p>\n<h4>Informazioni e documenti da presentare<\/h4>\n<ul>\n<li>indirizzo esatto del locale da allacciare<\/li>\n<li>indirizzo di recapito delle bollette, se diverso da quello di fornitura<\/li>\n<li>indirizzo di recapito delle bollette, se diverso da quello di fornitura<\/li>\n<li>Potenza richiesta fino a 6 kw, con potenze modulabili in aumento o riduzione di 0,5 kw in 0,5 kw; oltre 6 kw fino a 10 kw con potenze modulabili in aumento o riduzione di 1 kw; oltre 10 e fino a 30 kw con potenze modulabili in aumento o riduzione di 5 kw;<\/li>\n<li>Tensione di alimentazione (monofase 230V o trifase 400V)<\/li>\n<li>Nominativo della persona, ragione o denominazione sociale della societ\u00e0 a cui intestare il contratto<\/li>\n<li>Codice fiscale e\/o partita IVA della persona o societ\u00e0 intestataria della fornitura<\/li>\n<li>Documento d&#8217;identit\u00e0 della persona o del legale rappresentante della societ\u00e0 intestataria della fornitura (copia leggibile)<\/li>\n<li>Tipo di attivit\u00e0<\/li>\n<li>Una dichiarazione sostitutiva di atto di notoriet\u00e0 nella quale si dichiara la regolarit\u00e0 edilizia dell\u2019immobile (D.P.R 380\/2001 \u2013 Testo unico per l\u2019edilizia e successive modificazioni)<\/li>\n<li>Dati catastali dell&#8217;unit\u00e0 immobiliare da allacciare<\/li>\n<li>Stralcio planimetrico della zona nella quale \u00e8 ubicata l&#8217;unit\u00e0 immobiliare da allacciare; non \u00e8 necessario se fa parte di un edificio composto da pi\u00f9 di quattro unit\u00e0 immobiliari o \u00e8 gi\u00e0 allacciato alla rete elettrica<\/li>\n<li>Copia degli atti autorizzativi<\/li>\n<li>Copia del certificato di conformit\u00e0 dell\u2019impianto<\/li>\n<li>Autocertificazione per il servizio di maggior tutela<\/li>\n<li>Dichiarazione della titolarit\u00e0 dell&#8217;immobile<\/li>\n<li>Se la richiesta \u00e8 a nome di un\u2019Impresa o di una Societ\u00e0, eventuale delega su carta intestata<\/li>\n<li>Copia del Certificato o visura CCIAA e copia del documento del Legale Rappresentante<\/li>\n<li>Codice ATECUE<\/li>\n<\/ul>\n<p><strong>Importante: nel presentare le autocertificazioni, si deve sempre allegare una copia di un documento di identit\u00e0 valido, come previsto dalla legge; in mancanza di tale documento l&#8217;autocertificazione risulta nulla.<\/strong><\/p>\n<\/div>","protected":false},"excerpt":{"rendered":"<p>Stipula Contratto per Nuova Utenza Altri Usi Si stipula un nuovo contratto quando presso il locale o luogo non \u00e8 installato alcun contatore. Le condizioni tecniche per la connessione dei clienti finali sono definite dalla Norma CEI 0-21 nel caso <a href=\"https:\/\/www.icelweb.it\/?page_id=1082\" class=\"read-more\">Continua la lettura &#8230;<\/a><\/p>\n","protected":false},"author":1,"featured_media":0,"parent":1061,"menu_order":5,"comment_status":"closed","ping_status":"closed","template":"","meta":{"footnotes":"","_links_to":"","_links_to_target":""},"class_list":["post-1082","page","type-page","status-publish","hentry"],"_links":{"self":[{"href":"https:\/\/www.icelweb.it\/index.php?rest_route=\/wp\/v2\/pages\/1082","targetHints":{"allow":["GET"]}}],"collection":[{"href":"https:\/\/www.icelweb.it\/index.php?rest_route=\/wp\/v2\/pages"}],"about":[{"href":"https:\/\/www.icelweb.it\/index.php?rest_route=\/wp\/v2\/types\/page"}],"author":[{"embeddable":true,"href":"https:\/\/www.icelweb.it\/index.php?rest_route=\/wp\/v2\/users\/1"}],"replies":[{"embeddable":true,"href":"https:\/\/www.icelweb.it\/index.php?rest_route=%2Fwp%2Fv2%2Fcomments&post=1082"}],"version-history":[{"count":3,"href":"https:\/\/www.icelweb.it\/index.php?rest_route=\/wp\/v2\/pages\/1082\/revisions"}],"predecessor-version":[{"id":1182,"href":"https:\/\/www.icelweb.it\/index.php?rest_route=\/wp\/v2\/pages\/1082\/revisions\/1182"}],"up":[{"embeddable":true,"href":"https:\/\/www.icelweb.it\/index.php?rest_route=\/wp\/v2\/pages\/1061"}],"wp:attachment":[{"href":"https:\/\/www.icelweb.it\/index.php?rest_route=%2Fwp%2Fv2%2Fmedia&parent=1082"}],"curies":[{"name":"wp","href":"https:\/\/api.w.org\/{rel}","templated":true}]}}