{"id":1096,"date":"2017-12-05T10:19:43","date_gmt":"2017-12-05T09:19:43","guid":{"rendered":"http:\/\/www.icelweb.it\/?page_id=1096"},"modified":"2018-06-17T12:37:00","modified_gmt":"2018-06-17T10:37:00","slug":"3-voltura-subentro","status":"publish","type":"page","link":"https:\/\/www.icelweb.it\/?page_id=1096","title":{"rendered":"Voltura\/Subentro contratto"},"content":{"rendered":"<div class=\"nolwrap\"><h4>Voltura\/Subentro Altri Usi<\/h4>\n<p>Si effettua una voltura o un subentro quando il contratto di energia elettrica deve cambiare intestatario. Si parla di voltura quando c&#8217;\u00e8 il contemporaneo passaggio del contratto di fornitura da un cliente a un altro senza interruzione dell&#8217;erogazione di energia elettrica; si parla di subentro quando c&#8217;\u00e8 l&#8217;attivazione della fornitura da parte di un nuovo cliente in seguito alla cessazione del contratto del cliente precedente, che ha richiesto anche la disattivazione del contatore. I costi della voltura e del subentro sono gli stessi.<\/p>\n<p>Occorre inviare alla sede di Levanzo della Impresa Campo Elettricit\u00e0 S.r.l. la richiesta scritta. \u00c8 disponibile un modulo per detta richiesta nella nostra sezione dedicata alla modulistica.<\/p>\n<p>Tutti i moduli di autocertificazione e di domiciliazione bancaria verranno inviati con il contratto da sottoscrivere e dovranno essere restituiti entro 30 giorni dalla data della nostra missiva, se non inviati precedentemente in uno alla richiesta.<\/p>\n<p><strong>Importante: nel caso di voltura, la richiesta deve essere firmata anche dal precedente intestatario per accettazione della stessa o quest&#8217;ultimo dovr\u00e0 formalizzare la sua volont\u00e0 di recedere dal contratto con apposita comunicazione scritta ove indicher\u00e0 l&#8217;indirizzo di recapito della fattura di chiusura conto.<\/strong><\/p>\n<p><strong>Informazioni e documenti da presentare<\/strong><\/p>\n<ul>\n<li>Nominativo della persona, ragione o denominazione sociale della societ\u00e0 a cui intestare il contratto<\/li>\n<li>codice fiscale e\/o partita IVA della persona o societ\u00e0 intestataria della fornitura<\/li>\n<li>documento d&#8217;identit\u00e0 della persona o del legale rappresentante della societ\u00e0 intestataria della fornitura (copia leggibile)<\/li>\n<li>tipo di attivit\u00e0<\/li>\n<li>autocertificazione, ai sensi della legge, di iscrizione alla C.C.I.A.A. compreso il numero di registro, per le imprese che ne hanno l&#8217;obbligo<\/li>\n<li>dichiarazione della titolarit\u00e0 dell&#8217;immobile<\/li>\n<li>recapito telefonico per comunicazioni urgenti<\/li>\n<li>indirizzo di recapito delle bollette, se diverso da quello di fornitura<\/li>\n<li>numero di matricola del contatore della I.C.EL.. S.r.l. installato per la fornitura<\/li>\n<li>indirizzo esatto dell&#8217;abitazione<\/li>\n<li>codice cliente del precedente intestatario e codice POD della fornitura (solo per la voltura)<\/li>\n<li>nominativo del precedente intestatario della fornitura (solo per la voltura)<\/li>\n<li>lettura, se possibile insieme al cliente precedente, del contatore (solo per la voltura)<\/li>\n<li>nuovo indirizzo del&#8217;intestatario precedente per inviare la bolletta di chiusura conto (solo per la voltura)<\/li>\n<li>eventuali variazioni al contratto da effettuare contestualmente all&#8217;operazione<\/li>\n<\/ul>\n<p><strong>Importante: nel presentare le autocertificazioni, si deve sempre allegare una copia di un documento di identit\u00e0 valido, come previsto dalla legge; in mancanza di tale documento l&#8217;autocertificazione risulta nulla.<\/strong><\/p>\n<\/div>","protected":false},"excerpt":{"rendered":"<p>Voltura\/Subentro Altri Usi Si effettua una voltura o un subentro quando il contratto di energia elettrica deve cambiare intestatario. Si parla di voltura quando c&#8217;\u00e8 il contemporaneo passaggio del contratto di fornitura da un cliente a un altro senza interruzione <a href=\"https:\/\/www.icelweb.it\/?page_id=1096\" class=\"read-more\">Continua la lettura &#8230;<\/a><\/p>\n","protected":false},"author":1,"featured_media":0,"parent":1061,"menu_order":7,"comment_status":"closed","ping_status":"closed","template":"","meta":{"footnotes":"","_links_to":"","_links_to_target":""},"class_list":["post-1096","page","type-page","status-publish","hentry"],"_links":{"self":[{"href":"https:\/\/www.icelweb.it\/index.php?rest_route=\/wp\/v2\/pages\/1096","targetHints":{"allow":["GET"]}}],"collection":[{"href":"https:\/\/www.icelweb.it\/index.php?rest_route=\/wp\/v2\/pages"}],"about":[{"href":"https:\/\/www.icelweb.it\/index.php?rest_route=\/wp\/v2\/types\/page"}],"author":[{"embeddable":true,"href":"https:\/\/www.icelweb.it\/index.php?rest_route=\/wp\/v2\/users\/1"}],"replies":[{"embeddable":true,"href":"https:\/\/www.icelweb.it\/index.php?rest_route=%2Fwp%2Fv2%2Fcomments&post=1096"}],"version-history":[{"count":1,"href":"https:\/\/www.icelweb.it\/index.php?rest_route=\/wp\/v2\/pages\/1096\/revisions"}],"predecessor-version":[{"id":1184,"href":"https:\/\/www.icelweb.it\/index.php?rest_route=\/wp\/v2\/pages\/1096\/revisions\/1184"}],"up":[{"embeddable":true,"href":"https:\/\/www.icelweb.it\/index.php?rest_route=\/wp\/v2\/pages\/1061"}],"wp:attachment":[{"href":"https:\/\/www.icelweb.it\/index.php?rest_route=%2Fwp%2Fv2%2Fmedia&parent=1096"}],"curies":[{"name":"wp","href":"https:\/\/api.w.org\/{rel}","templated":true}]}}