{"id":524,"date":"2017-10-13T09:45:39","date_gmt":"2017-10-13T07:45:39","guid":{"rendered":"http:\/\/www.icelweb.it\/?page_id=524"},"modified":"2017-12-05T09:17:22","modified_gmt":"2017-12-05T08:17:22","slug":"disdetta-del-contratto","status":"publish","type":"page","link":"https:\/\/www.icelweb.it\/?page_id=524","title":{"rendered":"Disdetta del contratto"},"content":{"rendered":"<div class=\"nolwrap\"><h3>Come effettuare la disdetta del contratto<\/h3>\n<p>La richiesta pu\u00f2 essere fatta inviando una lettera ad ICEL S.r.l., oppure pu\u00f2 essere presentata direttamente agli sportelli dell&#8217;azienda nei seguenti orari:<\/p>\n<ul>\n<li><b>da Luned\u00ec a Venerd\u00ec<\/b>\u00a0dalle<b>\u00a09:00<\/b>\u00a0alle\u00a0<b>13:00<\/b>;<\/li>\n<\/ul>\n<p>I dati da comunicare sono:<\/p>\n<ul>\n<li>il codice POD, il numero di fornitura indicato sulla bolletta, l&#8217;intestazione e l&#8217;indirizzo della fornitura.<\/li>\n<li>l\u2019indirizzo di spedizione dell\u2019ultima bolletta<\/li>\n<li>\u00a0la data con la quale si vuole che venga sospesa la fornitura<\/li>\n<li>\u00a0se si vuole effettuare la disdetta per conto di un\u2019altra persona \u00e8 necessario una delega scritta<\/li>\n<li>\u00a0se si vuole effettuare la disdetta per conto di una societ\u00e0 occorre una delega su carta intestata e firmata dal legale rappresentante<\/li>\n<\/ul>\n<p>I moduli per la richiesta sono disponibili nella pagina \u201c<strong><a href=\"https:\/\/www.icelweb.it\/?page_id=591\">pratiche commerciali<\/a><\/strong>\u201d del sito.<\/p>\n<p>La bolletta finale sar\u00e0 inviata al nuovo indirizzo segnalato da chi ha richiesto la disdetta del contratto e comprender\u00e0 il conguaglio del consumo e la restituzione del deposito cauzionale a suo tempo versato, se non \u00e8 gi\u00e0 stato restituito in precedenza.<\/p>\n<p>&nbsp;<\/p>\n<\/div>","protected":false},"excerpt":{"rendered":"<p>Come effettuare la disdetta del contratto La richiesta pu\u00f2 essere fatta inviando una lettera ad ICEL S.r.l., oppure pu\u00f2 essere presentata direttamente agli sportelli dell&#8217;azienda nei seguenti orari: da Luned\u00ec a Venerd\u00ec\u00a0dalle\u00a09:00\u00a0alle\u00a013:00; I dati da comunicare sono: il codice POD, <a href=\"https:\/\/www.icelweb.it\/?page_id=524\" class=\"read-more\">Continua la lettura &#8230;<\/a><\/p>\n","protected":false},"author":1,"featured_media":0,"parent":35,"menu_order":0,"comment_status":"closed","ping_status":"closed","template":"","meta":{"footnotes":"","_links_to":"","_links_to_target":""},"class_list":["post-524","page","type-page","status-publish","hentry"],"_links":{"self":[{"href":"https:\/\/www.icelweb.it\/index.php?rest_route=\/wp\/v2\/pages\/524","targetHints":{"allow":["GET"]}}],"collection":[{"href":"https:\/\/www.icelweb.it\/index.php?rest_route=\/wp\/v2\/pages"}],"about":[{"href":"https:\/\/www.icelweb.it\/index.php?rest_route=\/wp\/v2\/types\/page"}],"author":[{"embeddable":true,"href":"https:\/\/www.icelweb.it\/index.php?rest_route=\/wp\/v2\/users\/1"}],"replies":[{"embeddable":true,"href":"https:\/\/www.icelweb.it\/index.php?rest_route=%2Fwp%2Fv2%2Fcomments&post=524"}],"version-history":[{"count":0,"href":"https:\/\/www.icelweb.it\/index.php?rest_route=\/wp\/v2\/pages\/524\/revisions"}],"up":[{"embeddable":true,"href":"https:\/\/www.icelweb.it\/index.php?rest_route=\/wp\/v2\/pages\/35"}],"wp:attachment":[{"href":"https:\/\/www.icelweb.it\/index.php?rest_route=%2Fwp%2Fv2%2Fmedia&parent=524"}],"curies":[{"name":"wp","href":"https:\/\/api.w.org\/{rel}","templated":true}]}}