{"id":530,"date":"2017-10-13T10:06:17","date_gmt":"2017-10-13T08:06:17","guid":{"rendered":"http:\/\/www.icelweb.it\/?page_id=530"},"modified":"2017-12-05T09:21:12","modified_gmt":"2017-12-05T08:21:12","slug":"subentro","status":"publish","type":"page","link":"https:\/\/www.icelweb.it\/?page_id=530","title":{"rendered":"Subentro"},"content":{"rendered":"<div class=\"nolwrap\"><h4>Come richiedere il subentro<\/h4>\n<p>Per effettuare il subentro \u00e8 indispensabile che il cliente precedente abbia gi\u00e0 dato la disdetta del proprio contratto o che lo faccia contestualmente alla nuova richiesta.<\/p>\n<p>La richiesta pu\u00f2 essere avanzata rivolgendosi direttamente agli sportelli agli sportelli dell&#8217;Azienda nei seguenti orari di apertura:<\/p>\n<ul>\n<li><strong>dal luned\u00ec al venerd\u00ec, dalle 9:00 alle 13:00<\/strong><\/li>\n<\/ul>\n<p>E\u2019 opportuno far presente quanto segue:<\/p>\n<ul>\n<li>Se il contratto, intestato ad una persona fisica, viene sottoscritto da un\u2019altra persona \u00e8 necessario presentare una procura.<\/li>\n<li>Se il contratto \u00e8 intestato ad una societ\u00e0 \u00e8 necessario presentare un&#8217;eventuale delega su carta intestata, una copia del certificato d\u2019iscrizione alla Camera di Commercio o della visura camerale (in alternativa una copia del certificato di attribuzione del numero della partita IVA rilasciato dal competente Ufficio) e una copia del documento d\u2019identit\u00e0 del legale rappresentante.<\/li>\n<li>Per usufruire delle tariffe elettriche agevolate previste per l\u2019uso domestico nell\u2019abitazione nella quale il cliente ha la residenza anagrafica occorre produrre idonea documentazione (carta d\u2019identit\u00e0, altro documento idoneo, dichiarazione sostitutiva di certificazione).<\/li>\n<\/ul>\n<p>I moduli per la richiesta e per le autocertificazioni da presentare sono disponibili nella pagina \u201c<strong><a href=\"https:\/\/www.icelweb.it\/?page_id=591\">pratiche commerciali<\/a><\/strong>\u201d del sito.<\/p>\n<\/div>","protected":false},"excerpt":{"rendered":"<p>Come richiedere il subentro Per effettuare il subentro \u00e8 indispensabile che il cliente precedente abbia gi\u00e0 dato la disdetta del proprio contratto o che lo faccia contestualmente alla nuova richiesta. La richiesta pu\u00f2 essere avanzata rivolgendosi direttamente agli sportelli agli <a href=\"https:\/\/www.icelweb.it\/?page_id=530\" class=\"read-more\">Continua la lettura &#8230;<\/a><\/p>\n","protected":false},"author":1,"featured_media":0,"parent":35,"menu_order":0,"comment_status":"closed","ping_status":"closed","template":"","meta":{"footnotes":"","_links_to":"","_links_to_target":""},"class_list":["post-530","page","type-page","status-publish","hentry"],"_links":{"self":[{"href":"https:\/\/www.icelweb.it\/index.php?rest_route=\/wp\/v2\/pages\/530","targetHints":{"allow":["GET"]}}],"collection":[{"href":"https:\/\/www.icelweb.it\/index.php?rest_route=\/wp\/v2\/pages"}],"about":[{"href":"https:\/\/www.icelweb.it\/index.php?rest_route=\/wp\/v2\/types\/page"}],"author":[{"embeddable":true,"href":"https:\/\/www.icelweb.it\/index.php?rest_route=\/wp\/v2\/users\/1"}],"replies":[{"embeddable":true,"href":"https:\/\/www.icelweb.it\/index.php?rest_route=%2Fwp%2Fv2%2Fcomments&post=530"}],"version-history":[{"count":0,"href":"https:\/\/www.icelweb.it\/index.php?rest_route=\/wp\/v2\/pages\/530\/revisions"}],"up":[{"embeddable":true,"href":"https:\/\/www.icelweb.it\/index.php?rest_route=\/wp\/v2\/pages\/35"}],"wp:attachment":[{"href":"https:\/\/www.icelweb.it\/index.php?rest_route=%2Fwp%2Fv2%2Fmedia&parent=530"}],"curies":[{"name":"wp","href":"https:\/\/api.w.org\/{rel}","templated":true}]}}