{"id":533,"date":"2017-10-13T10:13:48","date_gmt":"2017-10-13T08:13:48","guid":{"rendered":"http:\/\/www.icelweb.it\/?page_id=533"},"modified":"2023-12-13T10:25:25","modified_gmt":"2023-12-13T09:25:25","slug":"contributi-di-allacciamento","status":"publish","type":"page","link":"https:\/\/www.icelweb.it\/?page_id=533","title":{"rendered":"Contributi di allacciamento"},"content":{"rendered":"<div class=\"nolwrap\"><h4>Allacciamento e contributi<\/h4>\n<h5>ALLACCIAMENTO E ATTIVAZIONE<\/h5>\n<p>L\u2019<strong>allacciamento<\/strong> \u00e8 la connessione dell\u2019impianto di utenza alla rete di distribuzione dell\u2019energia elettrica. La realizzazione dell\u2019allacciamento comporta la posa della presa (l\u2019impianto che collega il contatore alla rete di distribuzione) e del contatore.<br \/>\nL\u2019<strong>attivazione della fornitura<\/strong>, cio\u00e8 la possibilit\u00e0 di prelevare energia elettrica, pu\u00f2 essere ottenuta solo se l\u2019utenza \u00e8 allacciata alla rete ed \u00e8 stato stipulato un contratto di fornitura. Se il cliente richiede la fornitura per un\u2019utenza non ancora allacciata, l\u2019attivazione viene normalmente eseguita in occasione dell\u2019allacciamento.<br \/>\nL\u2019attivazione si realizza con la rimozione dei sigilli dal contatore o, per i contatori telegestiti, con l\u2019abilitazione a distanza da parte dell\u2019esercente.<\/p>\n<h5>LA DISCIPLINA DEI CONTRIBUTI<\/h5>\n<p>La disciplina dei contributi di allacciamento riguarda sia i nuovi allacciamenti alla rete sia le modifiche contrattuali o i lavori di spostamento degli impianti, ed \u00e8 contenuta nell&#8217;Allegato B alla Delibera 348\/07 dell&#8217;Autorit\u00e0 per l&#8217;Energia Elettrica ed il Gas.<\/p>\n<h5>Aggiornamento degli importi<\/h5>\n<p>A partire dal 2004, l&#8217;Autorit\u00e0 per l&#8217;energia elettrica e il gas aggiorna annualmente i contributi di allacciamento e i diritti fissi, che sono stati ridotti del 3,7% a partire dal 1\u00b0 febbraio 2004 (<strong><a href=\"https:\/\/www.arera.it\/atti-e-provvedimenti\/dettaglio\/04\/005-04\" target=\"_blank\" rel=\"noopener\">delibera n. 5\/04<\/a>)<\/strong>, e di un ulteriore 1,3% a partire dal 1\u00b0 gennaio 2005 (<a href=\"https:\/\/www.arera.it\/atti-e-provvedimenti\/dettaglio\/04\/232-04\" target=\"_blank\" rel=\"noopener\"><strong>delibera n. 232\/04<\/strong><\/a>), dell\u20191,7% a partire dal 1\u00b0gennaio 2006 (<a href=\"https:\/\/www.arera.it\/atti-e-provvedimenti\/dettaglio\/05\/202-05\" target=\"_blank\" rel=\"noopener\"><strong>delibera n. 202\/05<\/strong><\/a>) e dell\u20191,6% dal 1\u00b0 gennaio 2007 (<a href=\"https:\/\/www.arera.it\/atti-e-provvedimenti\/dettaglio\/06\/203-06\" target=\"_blank\" rel=\"noopener\"><strong>delibera n. 203\/06<\/strong><\/a>).<\/p>\n<p>A partire dal 2008 i contributi di allaccio saranno aggiornati mediante modifiche alla Delibera 348\/07 AEEG.<\/p>\n<\/div>","protected":false},"excerpt":{"rendered":"<p>Allacciamento e contributi ALLACCIAMENTO E ATTIVAZIONE L\u2019allacciamento \u00e8 la connessione dell\u2019impianto di utenza alla rete di distribuzione dell\u2019energia elettrica. La realizzazione dell\u2019allacciamento comporta la posa della presa (l\u2019impianto che collega il contatore alla rete di distribuzione) e del contatore. L\u2019attivazione <a href=\"https:\/\/www.icelweb.it\/?page_id=533\" class=\"read-more\">Continua la lettura &#8230;<\/a><\/p>\n","protected":false},"author":1,"featured_media":0,"parent":35,"menu_order":0,"comment_status":"closed","ping_status":"closed","template":"","meta":{"footnotes":"","_links_to":"","_links_to_target":""},"class_list":["post-533","page","type-page","status-publish","hentry"],"_links":{"self":[{"href":"https:\/\/www.icelweb.it\/index.php?rest_route=\/wp\/v2\/pages\/533","targetHints":{"allow":["GET"]}}],"collection":[{"href":"https:\/\/www.icelweb.it\/index.php?rest_route=\/wp\/v2\/pages"}],"about":[{"href":"https:\/\/www.icelweb.it\/index.php?rest_route=\/wp\/v2\/types\/page"}],"author":[{"embeddable":true,"href":"https:\/\/www.icelweb.it\/index.php?rest_route=\/wp\/v2\/users\/1"}],"replies":[{"embeddable":true,"href":"https:\/\/www.icelweb.it\/index.php?rest_route=%2Fwp%2Fv2%2Fcomments&post=533"}],"version-history":[{"count":2,"href":"https:\/\/www.icelweb.it\/index.php?rest_route=\/wp\/v2\/pages\/533\/revisions"}],"predecessor-version":[{"id":1280,"href":"https:\/\/www.icelweb.it\/index.php?rest_route=\/wp\/v2\/pages\/533\/revisions\/1280"}],"up":[{"embeddable":true,"href":"https:\/\/www.icelweb.it\/index.php?rest_route=\/wp\/v2\/pages\/35"}],"wp:attachment":[{"href":"https:\/\/www.icelweb.it\/index.php?rest_route=%2Fwp%2Fv2%2Fmedia&parent=533"}],"curies":[{"name":"wp","href":"https:\/\/api.w.org\/{rel}","templated":true}]}}